{"id":6675,"date":"2020-02-27T13:38:17","date_gmt":"2020-02-27T13:38:17","guid":{"rendered":"https:\/\/movementsports.nl\/?page_id=6675"},"modified":"2022-03-09T19:06:40","modified_gmt":"2022-03-09T18:06:40","slug":"faq-kitesurfkurs-zeeland","status":"publish","type":"page","link":"https:\/\/movementsports.nl\/de\/kitesurfen-niederlande\/faq-kitesurfkurs-zeeland\/","title":{"rendered":"FAQ Kitesurfkurs Zeeland"},"content":{"rendered":"\n<h1 class=\"wp-block-heading\">FAQ Kitesurfles<\/h1>\n\n\n\n<p>Hier findest die Antwort auf die am h\u00e4ufigsten gestellten Fragen \u00fcber unsere Kitesurfkursen. Ist deine Frage nicht dabei? Nimm dann&nbsp;Kontakt&nbsp;mit uns auf!<\/p>\n\n\n\n<br>\n\n\n\n<div class=\"wp-block-meowapps-faq meow-faq-block\"><input type=\"checkbox\" id=\"47u29rnb9\" name=\"47u29rnb9\"\/><label class=\"meow-faq-question\" for=\"47u29rnb9\">Was muss ich mitnehmen zum Kitesurfkurs?<\/label><div class=\"meow-tab-answer\"><div class=\"meow-tab-content\">Du kannst Schwimmkleidung, ein Handtuch und eventuell etwas zum Duschen mitnehmen. Die Kitesurf-Ausr\u00fcstung \u2013 Neoprenanzug, Schwimmweste, Helm, Schuhe, Trapez, Kite und Board &#8211; wird im Kurs gestellt, aber du kannst nat\u00fcrlich auch deine eigene Ausr\u00fcstung mitbringen. <\/div><\/div><\/div>\n\n\n\n<div class=\"wp-block-meowapps-faq meow-faq-block\"><input type=\"checkbox\" id=\"uxhqc6qju\" name=\"uxhqc6qju\"\/><label class=\"meow-faq-question\" for=\"uxhqc6qju\">Wo werden Kitesurfkurse gegeben?<\/label><div class=\"meow-tab-answer\"><div class=\"meow-tab-content\">Der Hauptstandort von Movement Sports ist Kamperland (in der N\u00e4he von Vrouwenpolder). Er liegt an der Oosterschelde am Sophiastrand. Andere Spots f\u00fcr Kitesurfkurse sind Vrouwenpolder, Neeltje Jans, Borselle, Cadzand-Bad und \u2018t Zwin. <\/div><\/div><\/div>\n\n\n\n<div class=\"wp-block-meowapps-faq meow-faq-block\"><input type=\"checkbox\" id=\"713ow3zx7\" name=\"713ow3zx7\"\/><label class=\"meow-faq-question\" for=\"713ow3zx7\">Wieviel Stunden muss ich nehmen, bis ich Kitesurfen kann?<\/label><div class=\"meow-tab-answer\"><div class=\"meow-tab-content\">Das ist individuell verschieden. Im Durchschnitt kann man nach ca. 3 Unterrichtsstunden selbstst\u00e4ndig Kitesurfen.<\/div><\/div><\/div>\n\n\n\n<div class=\"wp-block-meowapps-faq meow-faq-block\"><input type=\"checkbox\" id=\"et95mf900\" name=\"et95mf900\"\/><label class=\"meow-faq-question\" for=\"et95mf900\">Kann ich auch einen Kurs machen, wenn ich schon fortgeschritten bin oder Erfahrung habe?<\/label><div class=\"meow-tab-answer\"><div class=\"meow-tab-content\">Ja. Wir bieten Kitesurfkurse f\u00fcr jedes Niveau. Wir arbeiten mit kleinen Gruppen und erfahrenen TrainerInnen, sodass wir jedem Teilnehmer einen Kurs entsprechend seinem\/ihrem Niveau anbieten k\u00f6nnen. Wir geben auch private Kitesurfkurse .<\/div><\/div><\/div>\n\n\n\n<div class=\"wp-block-meowapps-faq meow-faq-block\"><input type=\"checkbox\" id=\"6ab156bq6\" name=\"6ab156bq6\"\/><label class=\"meow-faq-question\" for=\"6ab156bq6\">Ab welchem Alter ist es m\u00f6glich, einen Kitesurfkurs zu machen?<\/label><div class=\"meow-tab-answer\"><div class=\"meow-tab-content\">Wir haben spezielle Kitesurfkurse f\u00fcr Kinder von 7 bis 12 Jahren. Kinder ab 12 Jahren k\u00f6nnen an dem normalen Kitesurfkurs teilnehmen.<\/div><\/div><\/div>\n\n\n\n<div class=\"wp-block-meowapps-faq meow-faq-block\"><input type=\"checkbox\" id=\"wa2kl5xlf\" name=\"wa2kl5xlf\"\/><label class=\"meow-faq-question\" for=\"wa2kl5xlf\">Wann finden Kitesurfkurse statt?<\/label><div class=\"meow-tab-answer\"><div class=\"meow-tab-content\">Im Allgemeinen bieten wir von April bis einschlie\u00dflich Oktober Kitesurfkurse an.<\/div><\/div><\/div>\n\n\n\n<div class=\"wp-block-meowapps-faq meow-faq-block\"><input type=\"checkbox\" id=\"wiw8zso9u\" name=\"wiw8zso9u\"\/><label class=\"meow-faq-question\" for=\"wiw8zso9u\">Finden die Kurse bei jedem Wetter statt?<\/label><div class=\"meow-tab-answer\"><div class=\"meow-tab-content\">Sp\u00e4testens ein Tag vor Beginn des Kurses nehmen wir Kontakt mit dir auf und besprechen die Wind- und Wettervorhersage. Bei unsicherer Wetterlage vereinbaren wir gemeinsam einen neuen Termin.. <\/div><\/div><\/div>\n\n\n\n<div class=\"wp-block-meowapps-faq meow-faq-block\"><input type=\"checkbox\" id=\"e0jq4td4n\" name=\"e0jq4td4n\"\/><label class=\"meow-faq-question\" for=\"e0jq4td4n\">Woher wei\u00df ich, ob Kitesurfing etwas f\u00fcr mich ist?<\/label><div class=\"meow-tab-answer\"><div class=\"meow-tab-content\">Jeder kann Kitesurfen. Man muss es einfach machen. Der eine muss etwas mehr \u00fcben als der andere. Wenn du schon Erfahrung mit Kitesurfing und\/oder Windsurfing hast, dann lernst du es bestimmt schnell. Weil du immer in Bewegung bist und einen Neoprenanzug tr\u00e4gst, macht die dir K\u00e4lte nicht viel aus. <\/div><\/div><\/div>\n\n\n\n<div class=\"wp-block-meowapps-faq meow-faq-block\"><input type=\"checkbox\" id=\"wm6t2fgv8\" name=\"wm6t2fgv8\"\/><label class=\"meow-faq-question\" for=\"wm6t2fgv8\">Muss man zum Kitesurfen Kraft haben?<\/label><div class=\"meow-tab-answer\"><div class=\"meow-tab-content\">Nein. Man muss nicht stark sein. Selbst Kinder k\u00f6nnen Kitesurfing lernen. Es kann allerdings sein, dass du nachher Muskelkater in den Armen hast.<\/div><\/div><\/div>\n\n\n\n<div class=\"wp-block-meowapps-faq meow-faq-block\"><input type=\"checkbox\" id=\"nwecuet36\" name=\"nwecuet36\"\/><label class=\"meow-faq-question\" for=\"nwecuet36\">Kann ich auch mit einer Gruppe zum Kitesurfing kommen?<\/label><div class=\"meow-tab-answer\"><div class=\"meow-tab-content\">Ja, das ist m\u00f6glich. Man kann einen Kitesurfkurs f\u00fcr mehrere Personen buchen. <\/div><\/div><\/div>\n\n\n\n<div class=\"wp-block-meowapps-faq meow-faq-block\"><input type=\"checkbox\" id=\"e5tcst323\" name=\"e5tcst323\"\/><label class=\"meow-faq-question\" for=\"e5tcst323\">Welche Zahlungsmethoden gibt es?<\/label><div class=\"meow-tab-answer\"><div class=\"meow-tab-content\">Du kannst mit Karte oder in bar zahlen. Oder mit dem Movement Sports Gutschein.<\/div><\/div><\/div>\n\n\n\n<div class=\"wp-block-meowapps-faq meow-faq-block\"><input type=\"checkbox\" id=\"lbcurodtf\" name=\"lbcurodtf\"\/><label class=\"meow-faq-question\" for=\"lbcurodtf\">Kann ich einen Kitesurfkurs stornieren?<\/label><div class=\"meow-tab-answer\"><div class=\"meow-tab-content\">Der Kurs kann jederzeit annulliert werden, sowohl von dir als auch von uns. Wir werden eine Unterrichtsstunde nur annullieren, wenn das Wetter das Kitesurfen unm\u00f6glich macht, beispielsweise bei Gewitter, Sturm und zu viel\/zu wenig Wind.<\/div><\/div><\/div>\n\n\n\n<br><br>\n\n\n\n<div class=\"content-prijslijst alignfull\" style=\"background-color: #00aeef; \">\n\t<div class=\"content-prijslijst-container clear\">\n\t\t<div class=\"prijslijst-item\"><div class=\"prijslijst-item-con\" style=\"background-color: #ffffff;\"><h5 style=\"color: #00aeef;\">Kitesurfkurs Privat<\/h5><span style=\"color: #00aeef;\" class=\"prijslijst-icon\"><span class=\"icon-male\"><\/span><\/span><span class=\"omschrijving\"><p><span>Ein oder mehrere Kitesurfkurse ganz zugeschnitten auf Ihr Niveau!<\/span><\/p>\n<\/span><div class=\"prijs\">&euro;160<span class=\"prijs-sub\">2,5 Stunden<\/span><\/div><a class=\"link\" style=\"background-color: #00aeef; color: #ffffff;\" \" href=\"\/de\/kitesurfen-niederlande\/privat-kitekurs-zeeland\/\">Lesen Sie mehr<\/a><\/div><\/div><div class=\"prijslijst-item\"><div class=\"prijslijst-item-con\" style=\"background-color: #ffffff;\"><h5 style=\"color: #00aeef;\">Kitesurfkurs Duo<\/h5><span style=\"color: #00aeef;\" class=\"prijslijst-icon\"><span class=\"icon-male\"><\/span><span class=\"icon-male\"><\/span><\/span><span class=\"omschrijving\"><p><span>Kitesurfen lernen in Gruppe von 2 Personnen.<\/span><\/p>\n<\/span><div class=\"prijs\">&euro;100<span class=\"prijs-sub\">2,5 Stunden<\/span><\/div><a class=\"link\" style=\"background-color: #00aeef; color: #ffffff;\" \" href=\"\/de\/kitesurfen-niederlande\/kitesurfkurs-duo-zeeland\/\">Lesen Sie mehr<\/a><\/div><\/div><div class=\"prijslijst-item\"><div class=\"prijslijst-item-con\" style=\"background-color: #ffffff;\"><h5 style=\"color: #00aeef;\">Kitesurfkurs Gruppen<\/h5><span style=\"color: #00aeef;\" class=\"prijslijst-icon\"><span class=\"icon-male\"><\/span><span class=\"icon-male\"><\/span><span class=\"icon-male\"><\/span><\/span><span class=\"omschrijving\"><p><span>Kitesurfen lernen in Gruppe von 3 Personnen.<\/span><\/p>\n<\/span><div class=\"prijs\">&euro;90<span class=\"prijs-sub\">2,5 Stunden<\/span><\/div><a class=\"link\" style=\"background-color: #00aeef; color: #ffffff;\" \" href=\"\/de\/kitesurfen-niederlande\/kitekurs-gruppen-zeeland\/\">Lesen Sie mehr<\/a><\/div><\/div><div class=\"prijslijst-item\"><div class=\"prijslijst-item-con\" style=\"background-color: #ffffff;\"><h5 style=\"color: #00aeef;\">Kitesurfkurs Kids<\/h5><span style=\"color: #00aeef;\" class=\"prijslijst-icon\"><span class=\"icon-child\"><\/span><\/span><span class=\"omschrijving\"><p><span>Kitesurfen lernen nur f\u00fcr Kinder.<\/span><\/p>\n<\/span><div class=\"prijs\">&euro;80<span class=\"prijs-sub\">2,5 Stunden<\/span><\/div><a class=\"link\" style=\"background-color: #00aeef; color: #ffffff;\" \" href=\"\/de\/kitesurfen-niederlande\/kitesurfkurs-kids-zeeland\/\">Lesen Sie mehr<\/a><\/div><\/div>\t<\/div>\n<\/div>\n\n\n\n<div class=\"content-postlist\">\n\t<div class=\"content-postlist-container clear\">\n\t\t\t\t\n\t\t<div class=\"postlist-item postlist-intro\" style=\"\">\n\t\t\t<h4>M\u00f6chten Sie mehr wissen?<\/h4>\n\t\t\t<p><p>Hier finden Sie weitere Informationen zum Kitesurfen.<\/p>\n<\/p>\n\t\t\t\t\t\t<a href=\"\/de\/kitesurfen-niederlande\/\" class=\"postlist-link\"><span class=\"icon-angle-double-right link-icon\"><\/span>Kitesurfen Niederlande<\/a>\t\t\t\n\t\t\t\t\t<\/div>\n\t\t\t\t<div class=\"postlist-item\"><div class=\"postlist-item-con\"><img decoding=\"async\" width=\"600\" height=\"600\" src=\"https:\/\/movementsports.nl\/wp-content\/uploads\/2019\/05\/20190504-movementsports-kite-255-600x600.jpg\" class=\"attachment-thumbnail size-thumbnail wp-post-image\" alt=\"\" \/><a href=\"https:\/\/movementsports.nl\/de\/kitesurfen-niederlande\/\" class=\"postlist-item-text\"><h5>Kitesurfkurs<\/h5><\/a><\/div><\/div><div class=\"postlist-item\"><div class=\"postlist-item-con\"><img decoding=\"async\" width=\"600\" height=\"600\" src=\"https:\/\/movementsports.nl\/wp-content\/uploads\/2019\/02\/Surf-folder-foto-600x600.jpg\" class=\"attachment-thumbnail size-thumbnail wp-post-image\" alt=\"\" \/><a href=\"https:\/\/movementsports.nl\/de\/kitesurfen-niederlande\/warum-kiten-lernen\/\" class=\"postlist-item-text\"><h5>Warum Kiten Lernen?<\/h5><\/a><\/div><\/div><div class=\"postlist-item\"><div class=\"postlist-item-con\"><img decoding=\"async\" width=\"600\" height=\"600\" src=\"https:\/\/movementsports.nl\/wp-content\/uploads\/2019\/02\/Vera-kite-roompot-600x600.jpg\" class=\"attachment-thumbnail size-thumbnail wp-post-image\" alt=\"\" \/><a href=\"https:\/\/movementsports.nl\/de\/kitesurfen-niederlande\/iko-vdws-kiteschule-holland\/\" class=\"postlist-item-text\"><h5>IKO &amp; VDWS kiteschule Zeeland<\/h5><\/a><\/div><\/div>\t<\/div>\n<\/div>\n\n\n\n<br>\n\n\n\n<br>\n\n\n\n<div class=\"content-postlist\">\n\t<div class=\"content-postlist-container clear\">\n\t\t\t\t\n\t\t<div class=\"postlist-item postlist-intro\" style=\"\">\n\t\t\t<h4>Allgemeine Informationen<\/h4>\n\t\t\t<p><p>Hier finden Sie allgemeine Informationen zum Kitesurfen.<\/p>\n<\/p>\n\t\t\t\t\t\t<a href=\"\/de\/kitesurfen-niederlande\/\" class=\"postlist-link\"><span class=\"icon-angle-double-right link-icon\"><\/span>Kitesurfen Niederlande<\/a>\t\t\t\n\t\t\t\t\t<\/div>\n\t\t\t\t<div class=\"postlist-item\"><div class=\"postlist-item-con\"><img decoding=\"async\" width=\"600\" height=\"600\" src=\"https:\/\/movementsports.nl\/wp-content\/uploads\/2019\/02\/Kite-folder-foto-600x600.jpg\" class=\"attachment-thumbnail size-thumbnail wp-post-image\" alt=\"\" \/><a href=\"https:\/\/movementsports.nl\/de\/kitesurfen-niederlande\/ueber-kitesurfing\/\" class=\"postlist-item-text\"><h5>\u00dcber Kitesurfing<\/h5><\/a><\/div><\/div><div class=\"postlist-item\"><div class=\"postlist-item-con\"><img decoding=\"async\" width=\"600\" height=\"600\" src=\"https:\/\/movementsports.nl\/wp-content\/uploads\/2019\/02\/Kiteles-4-600x600.jpg\" class=\"attachment-thumbnail size-thumbnail wp-post-image\" alt=\"\" \/><a href=\"https:\/\/movementsports.nl\/de\/kitesurfen-niederlande\/kitesurfen-regeln\/\" class=\"postlist-item-text\"><h5>Kitesurfen-Regeln<\/h5><\/a><\/div><\/div><div class=\"postlist-item\"><div class=\"postlist-item-con\"><img decoding=\"async\" width=\"600\" height=\"600\" src=\"https:\/\/movementsports.nl\/wp-content\/uploads\/2019\/02\/Kiteles-2-600x600.jpg\" class=\"attachment-thumbnail size-thumbnail wp-post-image\" alt=\"\" \/><a href=\"https:\/\/movementsports.nl\/de\/kitesurfen-niederlande\/kite-ausruestung\/\" class=\"postlist-item-text\"><h5>Kite-ausr\u00fcstung<\/h5><\/a><\/div><\/div>\t<\/div>\n<\/div>\n\n\n\n<br>\n","protected":false},"excerpt":{"rendered":"<p>FAQ Kitesurfles Hier findest die Antwort auf die am h\u00e4ufigsten gestellten Fragen \u00fcber unsere Kitesurfkursen. Ist deine Frage nicht dabei? Nimm dann&nbsp;Kontakt&nbsp;mit uns auf!<\/p>\n","protected":false},"author":2,"featured_media":2489,"parent":6646,"menu_order":0,"comment_status":"closed","ping_status":"closed","template":"","meta":{"_acf_changed":false,"footnotes":""},"class_list":["post-6675","page","type-page","status-publish","has-post-thumbnail","hentry"],"acf":[],"yoast_head":"<!-- This site is optimized with the Yoast SEO plugin v25.6 - https:\/\/yoast.com\/wordpress\/plugins\/seo\/ -->\n<title>FAQ Kitesurfkurs Zeeland | IKO Kiteschule Movement Sports Holland<\/title>\n<meta name=\"description\" content=\"Hier stehen die am h\u00e4ufigsten gestellten Fragen \u00fcber den Kitesurfkurs; Ist Kitesurfing etwas f\u00fcr mich? Was ist, wenn das Wetter schlecht ist? etc.\" \/>\n<meta name=\"robots\" content=\"index, follow, max-snippet:-1, max-image-preview:large, max-video-preview:-1\" \/>\n<link rel=\"canonical\" href=\"https:\/\/movementsports.nl\/de\/kitesurfen-niederlande\/faq-kitesurfkurs-zeeland\/\" \/>\n<meta property=\"og:locale\" content=\"de_DE\" \/>\n<meta property=\"og:type\" content=\"article\" \/>\n<meta property=\"og:title\" content=\"FAQ Kitesurfkurs Zeeland | IKO Kiteschule Movement Sports Holland\" \/>\n<meta property=\"og:description\" content=\"Hier stehen die am h\u00e4ufigsten gestellten Fragen \u00fcber den Kitesurfkurs; Ist Kitesurfing etwas f\u00fcr mich? Was ist, wenn das Wetter schlecht ist? etc.\" \/>\n<meta property=\"og:url\" content=\"https:\/\/movementsports.nl\/de\/kitesurfen-niederlande\/faq-kitesurfkurs-zeeland\/\" \/>\n<meta property=\"og:site_name\" content=\"Movement Sports\" \/>\n<meta property=\"article:modified_time\" content=\"2022-03-09T18:06:40+00:00\" \/>\n<meta property=\"og:image\" content=\"https:\/\/movementsports.nl\/wp-content\/uploads\/2019\/02\/Kiteles-5.jpg\" \/>\n\t<meta property=\"og:image:width\" content=\"2048\" \/>\n\t<meta property=\"og:image:height\" content=\"1365\" \/>\n\t<meta property=\"og:image:type\" content=\"image\/jpeg\" \/>\n<meta name=\"twitter:card\" content=\"summary_large_image\" \/>\n<meta name=\"twitter:label1\" content=\"Gesch\u00e4tzte Lesezeit\" \/>\n\t<meta name=\"twitter:data1\" content=\"3\u00a0Minuten\" \/>\n<script type=\"application\/ld+json\" class=\"yoast-schema-graph\">{\"@context\":\"https:\/\/schema.org\",\"@graph\":[{\"@type\":\"WebPage\",\"@id\":\"https:\/\/movementsports.nl\/de\/kitesurfen-niederlande\/faq-kitesurfkurs-zeeland\/\",\"url\":\"https:\/\/movementsports.nl\/de\/kitesurfen-niederlande\/faq-kitesurfkurs-zeeland\/\",\"name\":\"FAQ Kitesurfkurs Zeeland | IKO Kiteschule Movement Sports Holland\",\"isPartOf\":{\"@id\":\"https:\/\/movementsports.nl\/#website\"},\"primaryImageOfPage\":{\"@id\":\"https:\/\/movementsports.nl\/de\/kitesurfen-niederlande\/faq-kitesurfkurs-zeeland\/#primaryimage\"},\"image\":{\"@id\":\"https:\/\/movementsports.nl\/de\/kitesurfen-niederlande\/faq-kitesurfkurs-zeeland\/#primaryimage\"},\"thumbnailUrl\":\"https:\/\/movementsports.nl\/wp-content\/uploads\/2019\/02\/Kiteles-5.jpg\",\"datePublished\":\"2020-02-27T13:38:17+00:00\",\"dateModified\":\"2022-03-09T18:06:40+00:00\",\"description\":\"Hier stehen die am h\u00e4ufigsten gestellten Fragen \u00fcber den Kitesurfkurs; Ist Kitesurfing etwas f\u00fcr mich? Was ist, wenn das Wetter schlecht ist? etc.\",\"breadcrumb\":{\"@id\":\"https:\/\/movementsports.nl\/de\/kitesurfen-niederlande\/faq-kitesurfkurs-zeeland\/#breadcrumb\"},\"inLanguage\":\"de\",\"potentialAction\":[{\"@type\":\"ReadAction\",\"target\":[\"https:\/\/movementsports.nl\/de\/kitesurfen-niederlande\/faq-kitesurfkurs-zeeland\/\"]}]},{\"@type\":\"ImageObject\",\"inLanguage\":\"de\",\"@id\":\"https:\/\/movementsports.nl\/de\/kitesurfen-niederlande\/faq-kitesurfkurs-zeeland\/#primaryimage\",\"url\":\"https:\/\/movementsports.nl\/wp-content\/uploads\/2019\/02\/Kiteles-5.jpg\",\"contentUrl\":\"https:\/\/movementsports.nl\/wp-content\/uploads\/2019\/02\/Kiteles-5.jpg\",\"width\":2048,\"height\":1365},{\"@type\":\"BreadcrumbList\",\"@id\":\"https:\/\/movementsports.nl\/de\/kitesurfen-niederlande\/faq-kitesurfkurs-zeeland\/#breadcrumb\",\"itemListElement\":[{\"@type\":\"ListItem\",\"position\":1,\"name\":\"Home\",\"item\":\"https:\/\/movementsports.nl\/de\/\"},{\"@type\":\"ListItem\",\"position\":2,\"name\":\"Kitesurfkurs\",\"item\":\"https:\/\/movementsports.nl\/de\/kitesurfen-niederlande\/\"},{\"@type\":\"ListItem\",\"position\":3,\"name\":\"FAQ Kitesurfkurs Zeeland\"}]},{\"@type\":\"WebSite\",\"@id\":\"https:\/\/movementsports.nl\/#website\",\"url\":\"https:\/\/movementsports.nl\/\",\"name\":\"Movement Sports\",\"description\":\"Kitesurfen, windsurfen &amp; groepsactiviteiten Zeeland\",\"publisher\":{\"@id\":\"https:\/\/movementsports.nl\/#organization\"},\"potentialAction\":[{\"@type\":\"SearchAction\",\"target\":{\"@type\":\"EntryPoint\",\"urlTemplate\":\"https:\/\/movementsports.nl\/?s={search_term_string}\"},\"query-input\":{\"@type\":\"PropertyValueSpecification\",\"valueRequired\":true,\"valueName\":\"search_term_string\"}}],\"inLanguage\":\"de\"},{\"@type\":\"Organization\",\"@id\":\"https:\/\/movementsports.nl\/#organization\",\"name\":\"Movement Sports\",\"url\":\"https:\/\/movementsports.nl\/\",\"logo\":{\"@type\":\"ImageObject\",\"inLanguage\":\"de\",\"@id\":\"https:\/\/movementsports.nl\/#\/schema\/logo\/image\/\",\"url\":\"https:\/\/movementsports.nl\/wp-content\/uploads\/2019\/01\/logo-blue.png\",\"contentUrl\":\"https:\/\/movementsports.nl\/wp-content\/uploads\/2019\/01\/logo-blue.png\",\"width\":116,\"height\":116,\"caption\":\"Movement Sports\"},\"image\":{\"@id\":\"https:\/\/movementsports.nl\/#\/schema\/logo\/image\/\"}}]}<\/script>\n<!-- \/ Yoast SEO plugin. -->","yoast_head_json":{"title":"FAQ Kitesurfkurs Zeeland | IKO Kiteschule Movement Sports Holland","description":"Hier stehen die am h\u00e4ufigsten gestellten Fragen \u00fcber den Kitesurfkurs; Ist Kitesurfing etwas f\u00fcr mich? Was ist, wenn das Wetter schlecht ist? etc.","robots":{"index":"index","follow":"follow","max-snippet":"max-snippet:-1","max-image-preview":"max-image-preview:large","max-video-preview":"max-video-preview:-1"},"canonical":"https:\/\/movementsports.nl\/de\/kitesurfen-niederlande\/faq-kitesurfkurs-zeeland\/","og_locale":"de_DE","og_type":"article","og_title":"FAQ Kitesurfkurs Zeeland | IKO Kiteschule Movement Sports Holland","og_description":"Hier stehen die am h\u00e4ufigsten gestellten Fragen \u00fcber den Kitesurfkurs; Ist Kitesurfing etwas f\u00fcr mich? Was ist, wenn das Wetter schlecht ist? etc.","og_url":"https:\/\/movementsports.nl\/de\/kitesurfen-niederlande\/faq-kitesurfkurs-zeeland\/","og_site_name":"Movement Sports","article_modified_time":"2022-03-09T18:06:40+00:00","og_image":[{"width":2048,"height":1365,"url":"https:\/\/movementsports.nl\/wp-content\/uploads\/2019\/02\/Kiteles-5.jpg","type":"image\/jpeg"}],"twitter_card":"summary_large_image","twitter_misc":{"Gesch\u00e4tzte Lesezeit":"3\u00a0Minuten"},"schema":{"@context":"https:\/\/schema.org","@graph":[{"@type":"WebPage","@id":"https:\/\/movementsports.nl\/de\/kitesurfen-niederlande\/faq-kitesurfkurs-zeeland\/","url":"https:\/\/movementsports.nl\/de\/kitesurfen-niederlande\/faq-kitesurfkurs-zeeland\/","name":"FAQ Kitesurfkurs Zeeland | IKO Kiteschule Movement Sports Holland","isPartOf":{"@id":"https:\/\/movementsports.nl\/#website"},"primaryImageOfPage":{"@id":"https:\/\/movementsports.nl\/de\/kitesurfen-niederlande\/faq-kitesurfkurs-zeeland\/#primaryimage"},"image":{"@id":"https:\/\/movementsports.nl\/de\/kitesurfen-niederlande\/faq-kitesurfkurs-zeeland\/#primaryimage"},"thumbnailUrl":"https:\/\/movementsports.nl\/wp-content\/uploads\/2019\/02\/Kiteles-5.jpg","datePublished":"2020-02-27T13:38:17+00:00","dateModified":"2022-03-09T18:06:40+00:00","description":"Hier stehen die am h\u00e4ufigsten gestellten Fragen \u00fcber den Kitesurfkurs; Ist Kitesurfing etwas f\u00fcr mich? Was ist, wenn das Wetter schlecht ist? etc.","breadcrumb":{"@id":"https:\/\/movementsports.nl\/de\/kitesurfen-niederlande\/faq-kitesurfkurs-zeeland\/#breadcrumb"},"inLanguage":"de","potentialAction":[{"@type":"ReadAction","target":["https:\/\/movementsports.nl\/de\/kitesurfen-niederlande\/faq-kitesurfkurs-zeeland\/"]}]},{"@type":"ImageObject","inLanguage":"de","@id":"https:\/\/movementsports.nl\/de\/kitesurfen-niederlande\/faq-kitesurfkurs-zeeland\/#primaryimage","url":"https:\/\/movementsports.nl\/wp-content\/uploads\/2019\/02\/Kiteles-5.jpg","contentUrl":"https:\/\/movementsports.nl\/wp-content\/uploads\/2019\/02\/Kiteles-5.jpg","width":2048,"height":1365},{"@type":"BreadcrumbList","@id":"https:\/\/movementsports.nl\/de\/kitesurfen-niederlande\/faq-kitesurfkurs-zeeland\/#breadcrumb","itemListElement":[{"@type":"ListItem","position":1,"name":"Home","item":"https:\/\/movementsports.nl\/de\/"},{"@type":"ListItem","position":2,"name":"Kitesurfkurs","item":"https:\/\/movementsports.nl\/de\/kitesurfen-niederlande\/"},{"@type":"ListItem","position":3,"name":"FAQ Kitesurfkurs Zeeland"}]},{"@type":"WebSite","@id":"https:\/\/movementsports.nl\/#website","url":"https:\/\/movementsports.nl\/","name":"Movement Sports","description":"Kitesurfen, windsurfen &amp; groepsactiviteiten Zeeland","publisher":{"@id":"https:\/\/movementsports.nl\/#organization"},"potentialAction":[{"@type":"SearchAction","target":{"@type":"EntryPoint","urlTemplate":"https:\/\/movementsports.nl\/?s={search_term_string}"},"query-input":{"@type":"PropertyValueSpecification","valueRequired":true,"valueName":"search_term_string"}}],"inLanguage":"de"},{"@type":"Organization","@id":"https:\/\/movementsports.nl\/#organization","name":"Movement Sports","url":"https:\/\/movementsports.nl\/","logo":{"@type":"ImageObject","inLanguage":"de","@id":"https:\/\/movementsports.nl\/#\/schema\/logo\/image\/","url":"https:\/\/movementsports.nl\/wp-content\/uploads\/2019\/01\/logo-blue.png","contentUrl":"https:\/\/movementsports.nl\/wp-content\/uploads\/2019\/01\/logo-blue.png","width":116,"height":116,"caption":"Movement Sports"},"image":{"@id":"https:\/\/movementsports.nl\/#\/schema\/logo\/image\/"}}]}},"_links":{"self":[{"href":"https:\/\/movementsports.nl\/de\/wp-json\/wp\/v2\/pages\/6675"}],"collection":[{"href":"https:\/\/movementsports.nl\/de\/wp-json\/wp\/v2\/pages"}],"about":[{"href":"https:\/\/movementsports.nl\/de\/wp-json\/wp\/v2\/types\/page"}],"author":[{"embeddable":true,"href":"https:\/\/movementsports.nl\/de\/wp-json\/wp\/v2\/users\/2"}],"replies":[{"embeddable":true,"href":"https:\/\/movementsports.nl\/de\/wp-json\/wp\/v2\/comments?post=6675"}],"version-history":[{"count":0,"href":"https:\/\/movementsports.nl\/de\/wp-json\/wp\/v2\/pages\/6675\/revisions"}],"up":[{"embeddable":true,"href":"https:\/\/movementsports.nl\/de\/wp-json\/wp\/v2\/pages\/6646"}],"wp:featuredmedia":[{"embeddable":true,"href":"https:\/\/movementsports.nl\/de\/wp-json\/wp\/v2\/media\/2489"}],"wp:attachment":[{"href":"https:\/\/movementsports.nl\/de\/wp-json\/wp\/v2\/media?parent=6675"}],"curies":[{"name":"wp","href":"https:\/\/api.w.org\/{rel}","templated":true}]}}